{"id":100,"date":"2023-04-20T20:20:10","date_gmt":"2023-04-20T18:20:10","guid":{"rendered":"https:\/\/geoservice.org\/?page_id=100"},"modified":"2023-05-15T22:56:17","modified_gmt":"2023-05-15T20:56:17","slug":"oferta","status":"publish","type":"page","link":"https:\/\/geoservice.org\/?page_id=100","title":{"rendered":"Oferta"},"content":{"rendered":"\n<h2 class=\"wp-block-heading has-luminous-vivid-amber-color has-text-color\"><strong>W ramach naszej dzia\u0142alno\u015bci wykonujemy:<\/strong><\/h2>\n\n\n\n<ul class=\"wp-block-list\">\n<li>Mapy do cel\u00f3w projektowych (wt\u00f3rniki)<\/li>\n\n\n\n<li>Wytyczenia obiekt\u00f3w budowlanych: budynk\u00f3w, sieci, przy\u0142\u0105czy<\/li>\n\n\n\n<li>Inwentaryzacje powykonawcze<\/li>\n\n\n\n<li>Podzia\u0142y nieruchomo\u015bci<\/li>\n\n\n\n<li>Wznowienia i wskazania granic nieruchomo\u015bci<\/li>\n\n\n\n<li>Pomiary obj\u0119to\u015bci mas ziemnych<\/li>\n\n\n\n<li>Wszelkie nietypowe prace pomiarowe<\/li>\n\n\n\n<li>Kompleksow\u0105 obs\u0142ug\u0119 inwestycji<\/li>\n<\/ul>\n","protected":false},"excerpt":{"rendered":"<p>W ramach naszej dzia\u0142alno\u015bci wykonujemy:<\/p>\n","protected":false},"author":1,"featured_media":76,"parent":0,"menu_order":0,"comment_status":"closed","ping_status":"closed","template":"","meta":{"footnotes":""},"class_list":["post-100","page","type-page","status-publish","has-post-thumbnail","hentry"],"_links":{"self":[{"href":"https:\/\/geoservice.org\/index.php?rest_route=\/wp\/v2\/pages\/100","targetHints":{"allow":["GET"]}}],"collection":[{"href":"https:\/\/geoservice.org\/index.php?rest_route=\/wp\/v2\/pages"}],"about":[{"href":"https:\/\/geoservice.org\/index.php?rest_route=\/wp\/v2\/types\/page"}],"author":[{"embeddable":true,"href":"https:\/\/geoservice.org\/index.php?rest_route=\/wp\/v2\/users\/1"}],"replies":[{"embeddable":true,"href":"https:\/\/geoservice.org\/index.php?rest_route=%2Fwp%2Fv2%2Fcomments&post=100"}],"version-history":[{"count":2,"href":"https:\/\/geoservice.org\/index.php?rest_route=\/wp\/v2\/pages\/100\/revisions"}],"predecessor-version":[{"id":107,"href":"https:\/\/geoservice.org\/index.php?rest_route=\/wp\/v2\/pages\/100\/revisions\/107"}],"wp:featuredmedia":[{"embeddable":true,"href":"https:\/\/geoservice.org\/index.php?rest_route=\/wp\/v2\/media\/76"}],"wp:attachment":[{"href":"https:\/\/geoservice.org\/index.php?rest_route=%2Fwp%2Fv2%2Fmedia&parent=100"}],"curies":[{"name":"wp","href":"https:\/\/api.w.org\/{rel}","templated":true}]}}