{"id":2,"date":"2023-03-29T20:30:38","date_gmt":"2023-03-29T18:30:38","guid":{"rendered":"http:\/\/geoservice.org\/?page_id=2"},"modified":"2023-04-20T20:17:52","modified_gmt":"2023-04-20T18:17:52","slug":"przykladowa-strona","status":"publish","type":"page","link":"https:\/\/geoservice.org\/","title":{"rendered":"O nas"},"content":{"rendered":"\n<p class=\"has-text-align-center has-luminous-vivid-amber-color has-text-color has-large-font-size\"><strong>ZNAMY SI\u0118 NA GEODEZJI JAK MA\u0141O KTO.<\/strong><\/p>\n\n\n\n<p>Geoservice istnieje na rynku od ponad 30 lat. Za\u0142o\u017cycielem, w\u0142a\u015bcicielem firmy oraz osob\u0105 nadzoruj\u0105c\u0105 prace jest mgr in\u017c. Jaros\u0142aw Kunka. Geodeta z du\u017cym do\u015bwiadczeniem legitymuj\u0105cy si\u0119 uprawnieniami z zakresu I, II oraz IV.<\/p>\n\n\n\n<figure class=\"wp-block-gallery has-nested-images columns-default is-cropped wp-block-gallery-1 is-layout-flex wp-block-gallery-is-layout-flex\">\n<figure class=\"wp-block-image size-large\"><img loading=\"lazy\" decoding=\"async\" width=\"1024\" height=\"684\" data-id=\"72\" src=\"https:\/\/geoservice.org\/wp-content\/uploads\/2023\/04\/close-up-drafts-hand-man-4-1024x684.jpg\" alt=\"image gallery 4\" class=\"wp-image-72\" srcset=\"https:\/\/geoservice.org\/wp-content\/uploads\/2023\/04\/close-up-drafts-hand-man-4-1024x684.jpg 1024w, https:\/\/geoservice.org\/wp-content\/uploads\/2023\/04\/close-up-drafts-hand-man-4-300x200.jpg 300w, https:\/\/geoservice.org\/wp-content\/uploads\/2023\/04\/close-up-drafts-hand-man-4-768x513.jpg 768w, https:\/\/geoservice.org\/wp-content\/uploads\/2023\/04\/close-up-drafts-hand-man-4-1536x1025.jpg 1536w, https:\/\/geoservice.org\/wp-content\/uploads\/2023\/04\/close-up-drafts-hand-man-4-2048x1367.jpg 2048w, https:\/\/geoservice.org\/wp-content\/uploads\/2023\/04\/close-up-drafts-hand-man-4-700x467.jpg 700w, https:\/\/geoservice.org\/wp-content\/uploads\/2023\/04\/close-up-drafts-hand-man-4-2000x1335.jpg 2000w, https:\/\/geoservice.org\/wp-content\/uploads\/2023\/04\/close-up-drafts-hand-man-4-900x600.jpg 900w, https:\/\/geoservice.org\/wp-content\/uploads\/2023\/04\/close-up-drafts-hand-man-4-599x400.jpg 599w\" sizes=\"auto, (max-width: 1024px) 100vw, 1024px\" \/><\/figure>\n\n\n\n<figure class=\"wp-block-image size-large\"><img loading=\"lazy\" decoding=\"async\" width=\"1024\" height=\"660\" data-id=\"73\" src=\"https:\/\/geoservice.org\/wp-content\/uploads\/2023\/04\/plany-budowy-z-zoltym-kasku-i-rysunek-narzedzia-na-bluep-1024x660.jpg\" alt=\"image gallery 5\" class=\"wp-image-73\" srcset=\"https:\/\/geoservice.org\/wp-content\/uploads\/2023\/04\/plany-budowy-z-zoltym-kasku-i-rysunek-narzedzia-na-bluep-1024x660.jpg 1024w, https:\/\/geoservice.org\/wp-content\/uploads\/2023\/04\/plany-budowy-z-zoltym-kasku-i-rysunek-narzedzia-na-bluep-300x193.jpg 300w, https:\/\/geoservice.org\/wp-content\/uploads\/2023\/04\/plany-budowy-z-zoltym-kasku-i-rysunek-narzedzia-na-bluep-768x495.jpg 768w, https:\/\/geoservice.org\/wp-content\/uploads\/2023\/04\/plany-budowy-z-zoltym-kasku-i-rysunek-narzedzia-na-bluep-1536x990.jpg 1536w, https:\/\/geoservice.org\/wp-content\/uploads\/2023\/04\/plany-budowy-z-zoltym-kasku-i-rysunek-narzedzia-na-bluep-2048x1320.jpg 2048w, https:\/\/geoservice.org\/wp-content\/uploads\/2023\/04\/plany-budowy-z-zoltym-kasku-i-rysunek-narzedzia-na-bluep-700x451.jpg 700w, https:\/\/geoservice.org\/wp-content\/uploads\/2023\/04\/plany-budowy-z-zoltym-kasku-i-rysunek-narzedzia-na-bluep-2000x1289.jpg 2000w, https:\/\/geoservice.org\/wp-content\/uploads\/2023\/04\/plany-budowy-z-zoltym-kasku-i-rysunek-narzedzia-na-bluep-621x400.jpg 621w\" sizes=\"auto, (max-width: 1024px) 100vw, 1024px\" \/><\/figure>\n\n\n\n<figure class=\"wp-block-image size-large\"><img loading=\"lazy\" decoding=\"async\" width=\"1024\" height=\"683\" data-id=\"71\" src=\"https:\/\/geoservice.org\/wp-content\/uploads\/2023\/04\/senvipetro-2-1024x683.jpg\" alt=\"image gallery 6\" class=\"wp-image-71\" srcset=\"https:\/\/geoservice.org\/wp-content\/uploads\/2023\/04\/senvipetro-2-1024x683.jpg 1024w, https:\/\/geoservice.org\/wp-content\/uploads\/2023\/04\/senvipetro-2-300x200.jpg 300w, https:\/\/geoservice.org\/wp-content\/uploads\/2023\/04\/senvipetro-2-768x512.jpg 768w, https:\/\/geoservice.org\/wp-content\/uploads\/2023\/04\/senvipetro-2-1536x1024.jpg 1536w, https:\/\/geoservice.org\/wp-content\/uploads\/2023\/04\/senvipetro-2-2048x1365.jpg 2048w, https:\/\/geoservice.org\/wp-content\/uploads\/2023\/04\/senvipetro-2-700x467.jpg 700w, https:\/\/geoservice.org\/wp-content\/uploads\/2023\/04\/senvipetro-2-2000x1333.jpg 2000w, https:\/\/geoservice.org\/wp-content\/uploads\/2023\/04\/senvipetro-2-900x600.jpg 900w, https:\/\/geoservice.org\/wp-content\/uploads\/2023\/04\/senvipetro-2-600x400.jpg 600w\" sizes=\"auto, (max-width: 1024px) 100vw, 1024px\" \/><\/figure>\n<\/figure>\n\n\n\n<p><\/p>\n\n\n\n<p>Obecnie pracowni\u0119 techniczn\u0105 prowadzi in\u017c. Marcin Mierzwa,&nbsp;do\u015bwiadczony geodeta, wspierany przez zgrany zesp\u00f3\u0142 wsp\u00f3\u0142pracownik\u00f3w. Nasz\u0105 pasj\u0105 jest geodezja a naszym celem zadowolony klient. Cechuje nas staranno\u015b\u0107, rzetelno\u015b\u0107 i terminowo\u015b\u0107.<\/p>\n\n\n\n<figure class=\"wp-block-gallery has-nested-images columns-default is-cropped wp-block-gallery-2 is-layout-flex wp-block-gallery-is-layout-flex\">\n<figure class=\"wp-block-image size-large\"><img loading=\"lazy\" decoding=\"async\" width=\"1024\" height=\"683\" data-id=\"91\" src=\"https:\/\/geoservice.org\/wp-content\/uploads\/2023\/04\/construction-plans-architectural-project-7-1024x683.jpg\" alt=\"image gallery\" class=\"wp-image-91\" srcset=\"https:\/\/geoservice.org\/wp-content\/uploads\/2023\/04\/construction-plans-architectural-project-7-1024x683.jpg 1024w, https:\/\/geoservice.org\/wp-content\/uploads\/2023\/04\/construction-plans-architectural-project-7-300x200.jpg 300w, https:\/\/geoservice.org\/wp-content\/uploads\/2023\/04\/construction-plans-architectural-project-7-768x512.jpg 768w, https:\/\/geoservice.org\/wp-content\/uploads\/2023\/04\/construction-plans-architectural-project-7-1536x1024.jpg 1536w, https:\/\/geoservice.org\/wp-content\/uploads\/2023\/04\/construction-plans-architectural-project-7-2048x1365.jpg 2048w, https:\/\/geoservice.org\/wp-content\/uploads\/2023\/04\/construction-plans-architectural-project-7-700x467.jpg 700w, https:\/\/geoservice.org\/wp-content\/uploads\/2023\/04\/construction-plans-architectural-project-7-2000x1333.jpg 2000w, https:\/\/geoservice.org\/wp-content\/uploads\/2023\/04\/construction-plans-architectural-project-7-900x600.jpg 900w, https:\/\/geoservice.org\/wp-content\/uploads\/2023\/04\/construction-plans-architectural-project-7-600x400.jpg 600w\" sizes=\"auto, (max-width: 1024px) 100vw, 1024px\" \/><\/figure>\n\n\n\n<figure class=\"wp-block-image size-large\"><img loading=\"lazy\" decoding=\"async\" width=\"1024\" height=\"683\" data-id=\"92\" src=\"https:\/\/geoservice.org\/wp-content\/uploads\/2023\/04\/obraz-obiektow-inzynierskich-w-miejscu-pracy-widok-z-gory-konkurs-konstrukcyjny-inzynieria-tools-vintage-dzwiek-retro-filtr-efekt-miekki-selektywne-focus-2-3-1024x683.jpg\" alt=\"image gallery 2\" class=\"wp-image-92\" srcset=\"https:\/\/geoservice.org\/wp-content\/uploads\/2023\/04\/obraz-obiektow-inzynierskich-w-miejscu-pracy-widok-z-gory-konkurs-konstrukcyjny-inzynieria-tools-vintage-dzwiek-retro-filtr-efekt-miekki-selektywne-focus-2-3-1024x683.jpg 1024w, https:\/\/geoservice.org\/wp-content\/uploads\/2023\/04\/obraz-obiektow-inzynierskich-w-miejscu-pracy-widok-z-gory-konkurs-konstrukcyjny-inzynieria-tools-vintage-dzwiek-retro-filtr-efekt-miekki-selektywne-focus-2-3-300x200.jpg 300w, https:\/\/geoservice.org\/wp-content\/uploads\/2023\/04\/obraz-obiektow-inzynierskich-w-miejscu-pracy-widok-z-gory-konkurs-konstrukcyjny-inzynieria-tools-vintage-dzwiek-retro-filtr-efekt-miekki-selektywne-focus-2-3-768x512.jpg 768w, https:\/\/geoservice.org\/wp-content\/uploads\/2023\/04\/obraz-obiektow-inzynierskich-w-miejscu-pracy-widok-z-gory-konkurs-konstrukcyjny-inzynieria-tools-vintage-dzwiek-retro-filtr-efekt-miekki-selektywne-focus-2-3-1536x1024.jpg 1536w, https:\/\/geoservice.org\/wp-content\/uploads\/2023\/04\/obraz-obiektow-inzynierskich-w-miejscu-pracy-widok-z-gory-konkurs-konstrukcyjny-inzynieria-tools-vintage-dzwiek-retro-filtr-efekt-miekki-selektywne-focus-2-3-2048x1365.jpg 2048w, https:\/\/geoservice.org\/wp-content\/uploads\/2023\/04\/obraz-obiektow-inzynierskich-w-miejscu-pracy-widok-z-gory-konkurs-konstrukcyjny-inzynieria-tools-vintage-dzwiek-retro-filtr-efekt-miekki-selektywne-focus-2-3-700x467.jpg 700w, https:\/\/geoservice.org\/wp-content\/uploads\/2023\/04\/obraz-obiektow-inzynierskich-w-miejscu-pracy-widok-z-gory-konkurs-konstrukcyjny-inzynieria-tools-vintage-dzwiek-retro-filtr-efekt-miekki-selektywne-focus-2-3-2000x1333.jpg 2000w, https:\/\/geoservice.org\/wp-content\/uploads\/2023\/04\/obraz-obiektow-inzynierskich-w-miejscu-pracy-widok-z-gory-konkurs-konstrukcyjny-inzynieria-tools-vintage-dzwiek-retro-filtr-efekt-miekki-selektywne-focus-2-3-900x600.jpg 900w, https:\/\/geoservice.org\/wp-content\/uploads\/2023\/04\/obraz-obiektow-inzynierskich-w-miejscu-pracy-widok-z-gory-konkurs-konstrukcyjny-inzynieria-tools-vintage-dzwiek-retro-filtr-efekt-miekki-selektywne-focus-2-3-600x400.jpg 600w\" sizes=\"auto, (max-width: 1024px) 100vw, 1024px\" \/><\/figure>\n\n\n\n<figure class=\"wp-block-image size-large\"><img loading=\"lazy\" decoding=\"async\" width=\"1024\" height=\"683\" data-id=\"93\" src=\"https:\/\/geoservice.org\/wp-content\/uploads\/2023\/04\/przycinanie-rak-za-pomoca-laptopa-i-rysowanie-szkicu-1-1024x683.jpg\" alt=\"image gallery 3\" class=\"wp-image-93\" srcset=\"https:\/\/geoservice.org\/wp-content\/uploads\/2023\/04\/przycinanie-rak-za-pomoca-laptopa-i-rysowanie-szkicu-1-1024x683.jpg 1024w, https:\/\/geoservice.org\/wp-content\/uploads\/2023\/04\/przycinanie-rak-za-pomoca-laptopa-i-rysowanie-szkicu-1-300x200.jpg 300w, https:\/\/geoservice.org\/wp-content\/uploads\/2023\/04\/przycinanie-rak-za-pomoca-laptopa-i-rysowanie-szkicu-1-768x512.jpg 768w, https:\/\/geoservice.org\/wp-content\/uploads\/2023\/04\/przycinanie-rak-za-pomoca-laptopa-i-rysowanie-szkicu-1-1536x1024.jpg 1536w, https:\/\/geoservice.org\/wp-content\/uploads\/2023\/04\/przycinanie-rak-za-pomoca-laptopa-i-rysowanie-szkicu-1-2048x1365.jpg 2048w, https:\/\/geoservice.org\/wp-content\/uploads\/2023\/04\/przycinanie-rak-za-pomoca-laptopa-i-rysowanie-szkicu-1-700x467.jpg 700w, https:\/\/geoservice.org\/wp-content\/uploads\/2023\/04\/przycinanie-rak-za-pomoca-laptopa-i-rysowanie-szkicu-1-2000x1333.jpg 2000w, https:\/\/geoservice.org\/wp-content\/uploads\/2023\/04\/przycinanie-rak-za-pomoca-laptopa-i-rysowanie-szkicu-1-900x600.jpg 900w, https:\/\/geoservice.org\/wp-content\/uploads\/2023\/04\/przycinanie-rak-za-pomoca-laptopa-i-rysowanie-szkicu-1-600x400.jpg 600w\" sizes=\"auto, (max-width: 1024px) 100vw, 1024px\" \/><\/figure>\n<\/figure>\n\n\n\n<p><\/p>\n\n\n\n<p>Dzia\u0142amy na terenach powiat\u00f3w takich jak: Stargard, Pyrzyce, Szczecin, Goleni\u00f3w. Nieobce nam s\u0105 r\u00f3wnie\u017c dzia\u0142ania na terenach powiat\u00f3w takich jak: \u015awinouj\u015bcie, Choszczno, Police, My\u015blib\u00f3rz, \u0141obez.<\/p>\n\n\n\n<p><\/p>\n\n\n\n<p>Budujesz dom? Chcesz wykona\u0107 podzia\u0142 dzia\u0142ki? Interesuje Ci\u0119 wznowienie granic? Skontaktuj si\u0119 z nami.<\/p>\n\n\n\n<p class=\"has-text-align-center has-luminous-vivid-amber-color has-text-color has-large-font-size\"><strong>ZAUFA\u0141O NAM WIELU &#8211; ZAUFAJ I TY.<\/strong><\/p>\n\n\n\n<p><\/p>\n","protected":false},"excerpt":{"rendered":"<p>ZNAMY SI\u0118 NA GEODEZJI JAK MA\u0141O KTO. Geoservice istnieje na rynku od ponad 30 lat. Za\u0142o\u017cycielem, w\u0142a\u015bcicielem firmy oraz osob\u0105 nadzoruj\u0105c\u0105 prace jest mgr in\u017c. Jaros\u0142aw Kunka. Geodeta z du\u017cym do\u015bwiadczeniem legitymuj\u0105cy si\u0119 uprawnieniami z zakresu I, II oraz IV. Obecnie pracowni\u0119 techniczn\u0105 prowadzi in\u017c. Marcin Mierzwa,&nbsp;do\u015bwiadczony geodeta, wspierany przez zgrany zesp\u00f3\u0142 wsp\u00f3\u0142pracownik\u00f3w. Nasz\u0105 pasj\u0105 &hellip; <a href=\"https:\/\/geoservice.org\/\" class=\"more-link\">Continue reading <span class=\"screen-reader-text\">O nas<\/span> <span class=\"meta-nav\">&rarr;<\/span><\/a><\/p>\n","protected":false},"author":1,"featured_media":0,"parent":0,"menu_order":0,"comment_status":"closed","ping_status":"open","template":"","meta":{"footnotes":""},"class_list":["post-2","page","type-page","status-publish","hentry"],"_links":{"self":[{"href":"https:\/\/geoservice.org\/index.php?rest_route=\/wp\/v2\/pages\/2","targetHints":{"allow":["GET"]}}],"collection":[{"href":"https:\/\/geoservice.org\/index.php?rest_route=\/wp\/v2\/pages"}],"about":[{"href":"https:\/\/geoservice.org\/index.php?rest_route=\/wp\/v2\/types\/page"}],"author":[{"embeddable":true,"href":"https:\/\/geoservice.org\/index.php?rest_route=\/wp\/v2\/users\/1"}],"replies":[{"embeddable":true,"href":"https:\/\/geoservice.org\/index.php?rest_route=%2Fwp%2Fv2%2Fcomments&post=2"}],"version-history":[{"count":11,"href":"https:\/\/geoservice.org\/index.php?rest_route=\/wp\/v2\/pages\/2\/revisions"}],"predecessor-version":[{"id":99,"href":"https:\/\/geoservice.org\/index.php?rest_route=\/wp\/v2\/pages\/2\/revisions\/99"}],"wp:attachment":[{"href":"https:\/\/geoservice.org\/index.php?rest_route=%2Fwp%2Fv2%2Fmedia&parent=2"}],"curies":[{"name":"wp","href":"https:\/\/api.w.org\/{rel}","templated":true}]}}